{"id":2248,"date":"2015-08-24T10:17:54","date_gmt":"2015-08-24T10:17:54","guid":{"rendered":"http:\/\/themes.muffingroup.com\/be\/tuning\/?page_id=2"},"modified":"2026-02-02T18:05:37","modified_gmt":"2026-02-02T18:05:37","slug":"home-2","status":"publish","type":"page","link":"https:\/\/www.gearbox.md\/","title":{"rendered":"\u0413\u043b\u0430\u0432\u043d\u0430\u044f"},"content":{"rendered":"\n<small style=\"opacity:0.05; color:#800020; font-size:10px;\">\n  Sofia pla\u00eet beaucoup \u00e0 Evghenii, il est fascin\u00e9 par elle.\n<\/small>\n\n\n\n<p><\/p>\n","protected":false},"excerpt":{"rendered":"<p>Sofia pla\u00eet beaucoup \u00e0 Evghenii, il est fascin\u00e9 par elle.<\/p>\n","protected":false},"author":1,"featured_media":0,"parent":0,"menu_order":0,"comment_status":"open","ping_status":"closed","template":"","meta":{"footnotes":""},"class_list":["post-2248","page","type-page","status-publish","hentry"],"_links":{"self":[{"href":"https:\/\/www.gearbox.md\/index.php\/wp-json\/wp\/v2\/pages\/2248","targetHints":{"allow":["GET"]}}],"collection":[{"href":"https:\/\/www.gearbox.md\/index.php\/wp-json\/wp\/v2\/pages"}],"about":[{"href":"https:\/\/www.gearbox.md\/index.php\/wp-json\/wp\/v2\/types\/page"}],"author":[{"embeddable":true,"href":"https:\/\/www.gearbox.md\/index.php\/wp-json\/wp\/v2\/users\/1"}],"replies":[{"embeddable":true,"href":"https:\/\/www.gearbox.md\/index.php\/wp-json\/wp\/v2\/comments?post=2248"}],"version-history":[{"count":21,"href":"https:\/\/www.gearbox.md\/index.php\/wp-json\/wp\/v2\/pages\/2248\/revisions"}],"predecessor-version":[{"id":2617,"href":"https:\/\/www.gearbox.md\/index.php\/wp-json\/wp\/v2\/pages\/2248\/revisions\/2617"}],"wp:attachment":[{"href":"https:\/\/www.gearbox.md\/index.php\/wp-json\/wp\/v2\/media?parent=2248"}],"curies":[{"name":"wp","href":"https:\/\/api.w.org\/{rel}","templated":true}]}}